{"id":1499,"date":"2024-10-01T19:56:12","date_gmt":"2024-10-01T19:56:12","guid":{"rendered":"https:\/\/acceptingme-therapy.com\/contact-fees\/"},"modified":"2026-02-25T09:21:49","modified_gmt":"2026-02-25T09:21:49","slug":"contact-fees","status":"publish","type":"page","link":"https:\/\/acceptingme-therapy.com\/es\/contact-fees\/","title":{"rendered":"Contacto y tarifas"},"content":{"rendered":"\t\t<div data-elementor-type=\"wp-page\" data-elementor-id=\"1499\" class=\"elementor elementor-1499 elementor-48\" data-elementor-post-type=\"page\">\n\t\t\t\t<div class=\"elementor-element elementor-element-4fe35c2 e-flex e-con-boxed e-con e-parent\" data-id=\"4fe35c2\" data-element_type=\"container\" data-e-type=\"container\">\n\t\t\t\t\t<div class=\"e-con-inner\">\n\t\t<div class=\"elementor-element elementor-element-11a72cb e-con-full e-flex e-con e-child\" data-id=\"11a72cb\" data-element_type=\"container\" data-e-type=\"container\" data-settings=\"{&quot;background_background&quot;:&quot;classic&quot;}\">\n\t\t\t\t<div class=\"elementor-element elementor-element-e2b2bb7 elementor-widget elementor-widget-heading\" data-id=\"e2b2bb7\" data-element_type=\"widget\" data-e-type=\"widget\" data-widget_type=\"heading.default\">\n\t\t\t\t<div class=\"elementor-widget-container\">\n\t\t\t\t\t<h2 class=\"elementor-heading-title elementor-size-default\">Contacto<\/h2>\t\t\t\t<\/div>\n\t\t\t\t<\/div>\n\t\t\t\t<div class=\"elementor-element elementor-element-a6438d7 elementor-widget elementor-widget-text-editor\" data-id=\"a6438d7\" data-element_type=\"widget\" data-e-type=\"widget\" data-widget_type=\"text-editor.default\">\n\t\t\t\t<div class=\"elementor-widget-container\">\n\t\t\t\t\t\t\t\t\t<p class=\"sc-jMbUWg fdTPyi\">Reserva una primera consulta gratuita de 20 minutos a trav\u00e9s de Zoom o por tel\u00e9fono.<\/p><p class=\"sc-jMbUWg fdTPyi\">Complet la ficha de la derecha con tu nombre, correo electr\u00f3nico. Cuentam\u00e9 un poco sobre que buscas trabajar en terapia y tu disponibilidad para agendar la consulta.<\/p><p><strong>Correo electr\u00f3nico <\/strong><a href=\"mailto:teodoro@acceptingme-therapy.com\">teodoro@acceptingme-therapy.com<\/a><\/p>\t\t\t\t\t\t\t\t<\/div>\n\t\t\t\t<\/div>\n\t\t\t\t<div class=\"elementor-element elementor-element-f6fc4d7 uk-contact elementor-widget elementor-widget-text-editor\" data-id=\"f6fc4d7\" data-element_type=\"widget\" data-e-type=\"widget\" data-widget_type=\"text-editor.default\">\n\t\t\t\t<div class=\"elementor-widget-container\">\n\t\t\t\t\t\t\t\t\t<p><strong>Tel\u00e9fono:<\/strong> +44 (0)7842 364 310<\/p><p>SE1, London<\/p><p>BN3, Brighton &amp; Hove\u00a0<\/p>\t\t\t\t\t\t\t\t<\/div>\n\t\t\t\t<\/div>\n\t\t\t\t<\/div>\n\t\t<div class=\"elementor-element elementor-element-605d847 e-con-full e-flex e-con e-child\" data-id=\"605d847\" data-element_type=\"container\" data-e-type=\"container\">\n\t\t\t\t<div class=\"elementor-element elementor-element-81be6ee elementor-button-align-stretch elementor-widget elementor-widget-form\" data-id=\"81be6ee\" data-element_type=\"widget\" data-e-type=\"widget\" data-settings=\"{&quot;step_next_label&quot;:&quot;Siguiente&quot;,&quot;step_previous_label&quot;:&quot;Anterior&quot;,&quot;button_width&quot;:&quot;50&quot;,&quot;step_type&quot;:&quot;number_text&quot;,&quot;step_icon_shape&quot;:&quot;circle&quot;}\" data-widget_type=\"form.default\">\n\t\t\t\t<div class=\"elementor-widget-container\">\n\t\t\t\t\t\t\t<form class=\"elementor-form\" method=\"post\" name=\"Nuevo formulario\" aria-label=\"Nuevo formulario\">\n\t\t\t<input type=\"hidden\" name=\"post_id\" value=\"1499\"\/>\n\t\t\t<input type=\"hidden\" name=\"form_id\" value=\"81be6ee\"\/>\n\t\t\t<input type=\"hidden\" name=\"referer_title\" value=\"Contacto y tarifas - AcceptingMe Therapy\" \/>\n\n\t\t\t\t\t\t\t<input type=\"hidden\" name=\"queried_id\" value=\"1499\"\/>\n\t\t\t\n\t\t\t<div class=\"elementor-form-fields-wrapper elementor-labels-above\">\n\t\t\t\t\t\t\t\t<div class=\"elementor-field-type-text elementor-field-group elementor-column elementor-field-group-name elementor-col-100 elementor-field-required\">\n\t\t\t\t\t\t\t\t\t\t\t\t\t<input size=\"1\" type=\"text\" name=\"form_fields[name]\" id=\"form-field-name\" class=\"elementor-field elementor-size-sm  elementor-field-textual\" placeholder=\"Nombre\" required=\"required\">\n\t\t\t\t\t\t\t\t\t\t\t<\/div>\n\t\t\t\t\t\t\t\t<div class=\"elementor-field-type-email elementor-field-group elementor-column elementor-field-group-email elementor-col-100 elementor-field-required\">\n\t\t\t\t\t\t\t\t\t\t\t\t\t<input size=\"1\" type=\"email\" name=\"form_fields[email]\" id=\"form-field-email\" class=\"elementor-field elementor-size-sm  elementor-field-textual\" placeholder=\"Correo electr\u00f3nico\" required=\"required\">\n\t\t\t\t\t\t\t\t\t\t\t<\/div>\n\t\t\t\t\t\t\t\t<div class=\"elementor-field-type-textarea elementor-field-group elementor-column elementor-field-group-message elementor-col-100 elementor-field-required\">\n\t\t\t\t\t<textarea class=\"elementor-field-textual elementor-field  elementor-size-sm\" name=\"form_fields[message]\" id=\"form-field-message\" rows=\"4\" placeholder=\"Mensaje\" required=\"required\"><\/textarea>\t\t\t\t<\/div>\n\t\t\t\t\t\t\t\t<div class=\"elementor-field-type-acceptance elementor-field-group elementor-column elementor-field-group-field_d2fecdc elementor-col-100 elementor-field-required\">\n\t\t\t\t\t\t\t<div class=\"elementor-field-subgroup\">\n\t\t\t<span class=\"elementor-field-option\">\n\t\t\t\t<input type=\"checkbox\" name=\"form_fields[field_d2fecdc]\" id=\"form-field-field_d2fecdc\" class=\"elementor-field elementor-size-sm  elementor-acceptance-field\" required=\"required\">\n\t\t\t\t<label for=\"form-field-field_d2fecdc\">Aceptar la <a href=\"https:\/\/acceptingme-therapy.com\/politica-de-privacidad-y-proteccion-de-datos\/\" class=\"elementor-item\">pol\u00edtica de privacidad<\/a><\/label>\t\t\t<\/span>\n\t\t<\/div>\n\t\t\t\t\t\t<\/div>\n\t\t\t\t\t\t\t\t<div class=\"elementor-field-group elementor-column elementor-field-type-submit elementor-col-50 e-form__buttons\">\n\t\t\t\t\t<button class=\"elementor-button elementor-size-sm\" type=\"submit\">\n\t\t\t\t\t\t<span class=\"elementor-button-content-wrapper\">\n\t\t\t\t\t\t\t\t\t\t\t\t\t\t\t\t\t\t\t\t\t\t<span class=\"elementor-button-text\">Enviar<\/span>\n\t\t\t\t\t\t\t\t\t\t\t\t\t<\/span>\n\t\t\t\t\t<\/button>\n\t\t\t\t<\/div>\n\t\t\t<\/div>\n\t\t<\/form>\n\t\t\t\t\t\t<\/div>\n\t\t\t\t<\/div>\n\t\t\t\t<div class=\"elementor-element elementor-element-1491fb5 elementor-widget elementor-widget-text-editor\" data-id=\"1491fb5\" data-element_type=\"widget\" data-e-type=\"widget\" data-widget_type=\"text-editor.default\">\n\t\t\t\t<div class=\"elementor-widget-container\">\n\t\t\t\t\t\t\t\t\t<h6 style=\"font-size: 13px;\">INFORMACI\u00d3N SOBRE PROTECCI\u00d3N DE DATOS DE ACCEPTINGME-THERAPY 2025<\/h6><p style=\"text-align: left; font-size: 12px;\"><strong>Fines<\/strong>: Responder a sus solicitudes de informaci\u00f3n. Responder a sus solicitudes y enviarle informaci\u00f3n sobre nuestros servicios, incluso por correo electr\u00f3nico. <br><strong>Base jur\u00eddica<\/strong>: Consentimiento del interesado.<br><strong>Destinatarios<\/strong>: No est\u00e1 prevista ninguna transferencia de datos.<br><strong>Derechos<\/strong>: Puede retirar su consentimiento en cualquier momento, as\u00ed como acceder, rectificar, suprimir sus datos y obtener otros derechos en <a title=\"teodoro@acceptingme-therapy.es\" href=\"mailto:teodoro@acceptingme-therapy.es\">teodoro@acceptingme-therapy.es.<\/a><br><strong>Informaci\u00f3n adicional<\/strong>: Puede encontrar m\u00e1s informaci\u00f3n en el <a title=\"Pol\u00edtica de privacidad\" href=\"https:\/\/acceptingme-therapy.com\/politica-de-privacidad-y-proteccion-de-datos\/\">enlace Pol\u00edtica de privacidad<\/a>.<\/p>\t\t\t\t\t\t\t\t<\/div>\n\t\t\t\t<\/div>\n\t\t\t\t<\/div>\n\t\t\t\t\t<\/div>\n\t\t\t\t<\/div>\n\t\t<div class=\"elementor-element elementor-element-a89b5fd e-flex e-con-boxed e-con e-parent\" data-id=\"a89b5fd\" data-element_type=\"container\" data-e-type=\"container\">\n\t\t\t\t\t<div class=\"e-con-inner\">\n\t\t\t\t<div class=\"elementor-element elementor-element-6112c37 elementor-widget elementor-widget-heading\" data-id=\"6112c37\" data-element_type=\"widget\" data-e-type=\"widget\" data-widget_type=\"heading.default\">\n\t\t\t\t<div class=\"elementor-widget-container\">\n\t\t\t\t\t<h2 class=\"elementor-heading-title elementor-size-default\">Tarifas<\/h2>\t\t\t\t<\/div>\n\t\t\t\t<\/div>\n\t\t\t\t<div class=\"elementor-element elementor-element-d9346a6 uk-fee elementor-widget elementor-widget-text-editor\" data-id=\"d9346a6\" data-element_type=\"widget\" data-e-type=\"widget\" data-widget_type=\"text-editor.default\">\n\t\t\t\t<div class=\"elementor-widget-container\">\n\t\t\t\t\t\t\t\t\t<div class=\"dad65929\">\n<div class=\"_4f9bf79 d7dc56a8 _43c05b5\">\n<div class=\"ds-message _63c77b1\">\n<div class=\"ds-markdown\">\n<p class=\"ds-markdown-paragraph\">La <b>tarifa est\u00e1ndar es de \u00a370 por sesiones semanales<\/b> y <b>\u00a380 por sesiones quincenales.<\/b><\/p>\n<p class=\"ds-markdown-paragraph\">Est\u00e1 disponible una tarifa reducida para personas con ingresos bajos; no dude en consultar al respecto.<\/p>\n<p class=\"ds-markdown-paragraph\">Ofrezco una consulta inicial gratuita de 20 minutos v\u00eda Zoom o tel\u00e9fono.<\/p>\n<p class=\"ds-markdown-paragraph\"><b>Bono de 10 sesiones<\/b> disponible por <b>\u00a3675<\/b>, \u00fanicamente para sesiones semanales.<\/p>\n<p class=\"ds-markdown-paragraph\">Los honorarios se pagan por adelantado, ya sea sesi\u00f3n por sesi\u00f3n o mediante la compra de un bono.<\/p>\n<p class=\"ds-markdown-paragraph\">Me comprometo a responder a todas las consultas dentro de las 24 horas durante los d\u00edas laborables.<\/p>\n<p class=\"ds-markdown-paragraph\"><b>Ofrezco hasta<\/b> <b>cuatro cancelaciones preacordadas al a\u00f1o<\/b>, <b>siempre que se avise con al menos 72 horas de antelaci\u00f3n.<\/b><\/p>\n<p class=\"ds-markdown-paragraph\">Las cancelaciones solicitadas dentro de las 72 horas previas a su cita pueden estar sujetas al cobro total de la sesi\u00f3n.<\/p>\n<\/div>\n<\/div>\n<div class=\"ds-theme\">&nbsp;<\/div>\n<div class=\"ds-flex _0a3d93b\">\n<div class=\"ds-flex _965abe9 _54866f7\">\n<div class=\"db183363 ds-icon-button ds-icon-button--m ds-icon-button--sizing-container\" tabindex=\"0\" role=\"button\" aria-disabled=\"false\">\n<div class=\"ds-icon-button__hover-bg\">&nbsp;<\/div>\n<div class=\"ds-icon\">&nbsp;<\/div>\n<div class=\"ds-focus-ring\">&nbsp;<\/div>\n<\/div>\n<div class=\"db183363 ds-icon-button ds-icon-button--m ds-icon-button--sizing-container\" tabindex=\"0\" role=\"button\" aria-disabled=\"false\">\n<div class=\"ds-icon-button__hover-bg\">&nbsp;<\/div>\n<div class=\"ds-icon\">&nbsp;<\/div>\n<div class=\"ds-focus-ring\">&nbsp;<\/div>\n<\/div>\n<div class=\"db183363 ds-icon-button ds-icon-button--m ds-icon-button--sizing-container\" tabindex=\"0\" role=\"button\" aria-disabled=\"false\">\n<div class=\"ds-icon-button__hover-bg\">&nbsp;<\/div>\n<div class=\"ds-icon\">&nbsp;<\/div>\n<div class=\"ds-focus-ring\">&nbsp;<\/div>\n<\/div>\n<div class=\"db183363 ds-icon-button ds-icon-button--m ds-icon-button--sizing-container\" tabindex=\"0\" role=\"button\" aria-disabled=\"false\">\n<div class=\"ds-icon-button__hover-bg\">&nbsp;<\/div>\n<div class=\"ds-icon\">&nbsp;<\/div>\n<div class=\"ds-focus-ring\">&nbsp;<\/div>\n<\/div>\n<div class=\"db183363 ds-icon-button ds-icon-button--m ds-icon-button--sizing-container\" tabindex=\"0\" role=\"button\" aria-disabled=\"false\">\n<div class=\"ds-icon-button__hover-bg\">&nbsp;<\/div>\n<div class=\"ds-icon\">&nbsp;<\/div>\n<div class=\"ds-focus-ring\">&nbsp;<\/div>\n<\/div>\n<\/div>\n<div>&nbsp;<\/div>\n<\/div>\n<\/div>\n<\/div>\n<div class=\"_189b4a0\">\n<div class=\"_4ce999d _42b9b3d\">\n<div class=\"ds-scroll-area _8dbd25b\">\n<div class=\"ds-scroll-area__gutters\">\n<div class=\"ds-scroll-area__horizontal-gutter\">&nbsp;<\/div>\n<div class=\"ds-scroll-area__vertical-gutter\">&nbsp;<\/div>\n<\/div>\n<\/div>\n<\/div>\n<\/div>\n<div class=\"_871cbca\">\n<div class=\"d72636e2\">&nbsp;<\/div>\n<div class=\"aaff8b8f\">\n<div class=\"_77cefa5 _3d616d3\">\n<div class=\"_020ab5b\">\n<div class=\"_24fad49\">\n<div class=\"ds-scroll-area__gutters\">\n<div class=\"ds-scroll-area__horizontal-gutter\">&nbsp;<\/div>\n<div class=\"ds-scroll-area__vertical-gutter\">&nbsp;<\/div>\n<\/div>\n<\/div>\n<\/div>\n<\/div>\n<\/div>\n<\/div>\t\t\t\t\t\t\t\t<\/div>\n\t\t\t\t<\/div>\n\t\t\t\t\t<\/div>\n\t\t\t\t<\/div>\n\t\t\t\t<\/div>\n\t\t","protected":false},"excerpt":{"rendered":"<p>Contacto Reserva una primera consulta gratuita de 20 minutos a trav\u00e9s de Zoom o por tel\u00e9fono. Complet la ficha de la derecha con tu nombre, correo electr\u00f3nico. Cuentam\u00e9 un poco sobre que buscas trabajar en terapia y tu disponibilidad para agendar la consulta. Correo electr\u00f3nico teodoro@acceptingme-therapy.com Tel\u00e9fono: +44 (0)7842 364 310 SE1, London BN3, Brighton [&hellip;]<\/p>\n","protected":false},"author":4,"featured_media":0,"parent":0,"menu_order":0,"comment_status":"closed","ping_status":"closed","template":"elementor_header_footer","meta":{"footnotes":""},"class_list":["post-1499","page","type-page","status-publish","hentry"],"aioseo_notices":[],"_links":{"self":[{"href":"https:\/\/acceptingme-therapy.com\/es\/wp-json\/wp\/v2\/pages\/1499","targetHints":{"allow":["GET"]}}],"collection":[{"href":"https:\/\/acceptingme-therapy.com\/es\/wp-json\/wp\/v2\/pages"}],"about":[{"href":"https:\/\/acceptingme-therapy.com\/es\/wp-json\/wp\/v2\/types\/page"}],"author":[{"embeddable":true,"href":"https:\/\/acceptingme-therapy.com\/es\/wp-json\/wp\/v2\/users\/4"}],"replies":[{"embeddable":true,"href":"https:\/\/acceptingme-therapy.com\/es\/wp-json\/wp\/v2\/comments?post=1499"}],"version-history":[{"count":51,"href":"https:\/\/acceptingme-therapy.com\/es\/wp-json\/wp\/v2\/pages\/1499\/revisions"}],"predecessor-version":[{"id":1804,"href":"https:\/\/acceptingme-therapy.com\/es\/wp-json\/wp\/v2\/pages\/1499\/revisions\/1804"}],"wp:attachment":[{"href":"https:\/\/acceptingme-therapy.com\/es\/wp-json\/wp\/v2\/media?parent=1499"}],"curies":[{"name":"wp","href":"https:\/\/api.w.org\/{rel}","templated":true}]}}